{"id":69,"date":"2022-11-13T11:12:44","date_gmt":"2022-11-13T10:12:44","guid":{"rendered":"http:\/\/rvpfqoj.cluster031.hosting.ovh.net\/?page_id=69"},"modified":"2022-12-21T14:48:22","modified_gmt":"2022-12-21T13:48:22","slug":"about","status":"publish","type":"page","link":"https:\/\/sixgland.com\/index.php\/about\/","title":{"rendered":"Nos services"},"content":{"rendered":"\n<p><\/p>\n\n\n\n<figure class=\"wp-block-gallery has-nested-images columns-default is-cropped wp-block-gallery-1 is-layout-flex wp-block-gallery-is-layout-flex\">\n<figure class=\"wp-block-image size-large\"><img loading=\"lazy\" decoding=\"async\" width=\"1024\" height=\"256\" data-id=\"155\" src=\"https:\/\/sixgland.com\/wp-content\/uploads\/2022\/11\/LinkedIn-Background-Photo-1-1024x256.png\" alt=\"\" class=\"wp-image-155\" srcset=\"https:\/\/sixgland.com\/wp-content\/uploads\/2022\/11\/LinkedIn-Background-Photo-1-1024x256.png 1024w, https:\/\/sixgland.com\/wp-content\/uploads\/2022\/11\/LinkedIn-Background-Photo-1-300x75.png 300w, https:\/\/sixgland.com\/wp-content\/uploads\/2022\/11\/LinkedIn-Background-Photo-1-768x192.png 768w, https:\/\/sixgland.com\/wp-content\/uploads\/2022\/11\/LinkedIn-Background-Photo-1-1536x384.png 1536w, https:\/\/sixgland.com\/wp-content\/uploads\/2022\/11\/LinkedIn-Background-Photo-1.png 1600w\" sizes=\"auto, (max-width: 1024px) 100vw, 1024px\" \/><\/figure>\n<\/figure>\n\n\n\n<p class=\"has-text-align-center\"><\/p>\n\n\n\n<p><\/p>\n\n\n\n<div class=\"wp-block-columns alignwide is-layout-flex wp-container-core-columns-is-layout-9d6595d7 wp-block-columns-is-layout-flex\">\n<div class=\"wp-block-column is-layout-flow wp-block-column-is-layout-flow\">\n<p class=\"has-text-align-center\"><strong>1 &#8211;<\/strong> <strong>Accompagnement des transformations et management du changement<\/strong><\/p>\n\n\n\n<figure class=\"wp-block-gallery has-nested-images columns-default is-cropped wp-block-gallery-2 is-layout-flex wp-block-gallery-is-layout-flex\">\n<figure class=\"wp-block-image size-large\"><img loading=\"lazy\" decoding=\"async\" width=\"294\" height=\"171\" data-id=\"144\" src=\"https:\/\/sixgland.com\/wp-content\/uploads\/2022\/11\/Business-Trans-3-1.jpg\" alt=\"\" class=\"wp-image-144\"\/><\/figure>\n<\/figure>\n<\/div>\n\n\n\n<div class=\"wp-block-column is-layout-flow wp-block-column-is-layout-flow\">\n<p> <span style=\"font-size: revert; color: initial;\">Nous accompagnons les entreprises dans leur transformation quelle soit :<\/span><\/p>\n\n\n\n<p><\/p>\n\n\n\n<p><span style=\"font-size: revert; color: initial;\">\u2022Transformation digitale<\/span>  <\/p>\n\n\n\n<p>\u2022Transformation des process m\u00e9tier<\/p>\n\n\n\n<p>\u2022Transformation organisationnelle<\/p>\n\n\n\n<p>\u2022Transformation manag\u00e9riale&nbsp;<\/p>\n\n\n\n<p>\u2022Transformation culturelle<\/p>\n\n\n\n<p> <\/p>\n<\/div>\n<\/div>\n\n\n\n<hr class=\"wp-block-separator has-alpha-channel-opacity is-style-default\"\/>\n\n\n\n<div class=\"wp-block-columns alignwide is-layout-flex wp-container-core-columns-is-layout-9d6595d7 wp-block-columns-is-layout-flex\">\n<div class=\"wp-block-column is-layout-flow wp-block-column-is-layout-flow\">\n<p class=\"has-text-align-center\"><strong>2 &#8211;<\/strong> <strong>Engagement des ressources humaines et d\u00e9veloppement des comp\u00e9tences<\/strong><\/p>\n\n\n\n<figure class=\"wp-block-gallery has-nested-images columns-default is-cropped wp-block-gallery-3 is-layout-flex wp-block-gallery-is-layout-flex\">\n<figure class=\"wp-block-image size-large\"><img loading=\"lazy\" decoding=\"async\" width=\"275\" height=\"183\" data-id=\"146\" src=\"https:\/\/sixgland.com\/wp-content\/uploads\/2022\/11\/Peple-engagement-2-1.jpg\" alt=\"\" class=\"wp-image-146\"\/><\/figure>\n<\/figure>\n<\/div>\n\n\n\n<div class=\"wp-block-column is-layout-flow wp-block-column-is-layout-flow\">\n<p>Nous proposons \u00e0 nos clients :<\/p>\n\n\n\n<p>\u2022Prestation compl\u00e8te pour \u00e9valuer l\u2019engagement des collaborateurs via un outil en ligne, l\u2019interpr\u00e9tation des r\u00e9sultats du sondage et la mise en place de plans d\u2019action afin de l\u2018am\u00e9liorer et de constater les effets sur la performance sur toute sa chaine de valeurs.&nbsp;<\/p>\n\n\n\n<p>\u2022Mise en place d\u2019un processus de management des comp\u00e9tences et de la performance<\/p>\n\n\n\n<p>Tests d\u2019\u00e9valuation des attitudes manag\u00e9riales<\/p>\n\n\n\n<p>\u2022Tests 360\u00b0 Feed-back<\/p>\n\n\n\n<p>\u2022Elaboration des plans de d\u00e9veloppement individuels (PDI)<\/p>\n<\/div>\n<\/div>\n\n\n\n<hr class=\"wp-block-separator has-alpha-channel-opacity is-style-default\"\/>\n\n\n\n<div class=\"wp-block-columns alignwide is-layout-flex wp-container-core-columns-is-layout-9d6595d7 wp-block-columns-is-layout-flex\">\n<div class=\"wp-block-column is-layout-flow wp-block-column-is-layout-flow\">\n<p class=\"has-text-align-center\"><strong>3 &#8211; <mark style=\"background-color:#ffffff\" class=\"has-inline-color has-black-color\">Gamification &amp; Game-based Learning<\/mark><\/strong><\/p>\n\n\n\n<figure class=\"wp-block-gallery has-nested-images columns-default is-cropped wp-block-gallery-4 is-layout-flex wp-block-gallery-is-layout-flex\">\n<figure class=\"wp-block-image size-large is-style-default\"><img loading=\"lazy\" decoding=\"async\" width=\"914\" height=\"514\" data-id=\"127\" src=\"https:\/\/sixgland.com\/wp-content\/uploads\/2022\/11\/VR-1-edited.jpg\" alt=\"\" class=\"wp-image-127\" srcset=\"https:\/\/sixgland.com\/wp-content\/uploads\/2022\/11\/VR-1-edited.jpg 914w, https:\/\/sixgland.com\/wp-content\/uploads\/2022\/11\/VR-1-edited-300x169.jpg 300w, https:\/\/sixgland.com\/wp-content\/uploads\/2022\/11\/VR-1-edited-768x432.jpg 768w\" sizes=\"auto, (max-width: 914px) 100vw, 914px\" \/><\/figure>\n<\/figure>\n<\/div>\n\n\n\n<div class=\"wp-block-column is-layout-flow wp-block-column-is-layout-flow\">\n<p>Avec nos partenaires sp\u00e9cialis\u00e9s dans les \u00e9critures de sc\u00e9narios et en d\u00e9veloppement de jeux.<\/p>\n\n\n\n<p>Nous proposons \u00e0 nos clients&nbsp; des jeux vid\u00e9o standardis\u00e9s pour le d\u00e9veloppement des comp\u00e9tences transverses (leadership, gestion du stress, gestion du temps, motivation des \u00e9quipes \u2026)<\/p>\n\n\n\n<p>Nous travaillons aussi avec nos clients pour d\u00e9velopper des jeux \u00e0 la demande selon les sp\u00e9cificit\u00e9s de chaque client et ses besoins en d\u00e9veloppement des soft-skills de ces collaborateurs (leadership profile).<\/p>\n<\/div>\n<\/div>\n\n\n\n<div class=\"wp-block-group alignwide\"><div class=\"wp-block-group__inner-container is-layout-constrained wp-block-group-is-layout-constrained\">\n<div class=\"wp-block-group alignwide has-white-color has-text-color has-background\" style=\"background-color:#051232;font-style:normal;font-weight:100\"><div class=\"wp-block-group__inner-container is-layout-constrained wp-block-group-is-layout-constrained\">\n<p class=\"has-small-font-size\">Selon \u00ab&nbsp;Entertainement software association&nbsp;\u00bb la moyenne d&rsquo;\u00e2ge des \u00ab&nbsp;gamers&nbsp;\u00bb est de 33 ans et 76% de l\u2019ensemble des joueurs d\u00e9passent 18 ans d\u2019\u00e2ge.<\/p>\n\n\n\n<p class=\"has-small-font-size\">Les jeux vid\u00e9os contribuent au d\u00e9veloppement de :<\/p>\n\n\n\n<ul class=\"has-small-font-size wp-block-list\">\n<li>88% Comp\u00e9tences cognitives<\/li>\n\n\n\n<li>86% Comp\u00e9tences cr\u00e9atives<\/li>\n\n\n\n<li>86% Travail d&rsquo;\u00e9quipe et comp\u00e9tences collaboratives<\/li>\n\n\n\n<li>63% Comp\u00e9tences en communication<\/li>\n\n\n\n<li>61% Comp\u00e9tences leadership<\/li>\n<\/ul>\n\n\n\n<p class=\"has-small-font-size\"><em>Sources : <a href=\"http:\/\/www.theesa.com\" data-type=\"URL\" data-id=\"www.theesa.com\">www.theesa.com<\/a><\/em><\/p>\n<\/div><\/div>\n<\/div><\/div>\n\n\n\n<p><\/p>\n\n\n\n<hr class=\"wp-block-separator has-alpha-channel-opacity is-style-default\"\/>\n\n\n\n<div class=\"wp-block-columns alignwide is-layout-flex wp-container-core-columns-is-layout-9d6595d7 wp-block-columns-is-layout-flex\">\n<div class=\"wp-block-column is-layout-flow wp-block-column-is-layout-flow\">\n<p class=\"has-text-align-center\"><strong>4 &#8211; Formations en soft-skills et Coaching<\/strong><\/p>\n\n\n\n<figure class=\"wp-block-gallery has-nested-images columns-default is-cropped wp-block-gallery-5 is-layout-flex wp-block-gallery-is-layout-flex\">\n<figure class=\"wp-block-image size-large\"><img loading=\"lazy\" decoding=\"async\" width=\"275\" height=\"183\" data-id=\"21\" src=\"https:\/\/sixgland.com\/wp-content\/uploads\/2022\/11\/SOFT-SKILLS-5.jpg\" alt=\"\" class=\"wp-image-21\"\/><\/figure>\n<\/figure>\n<\/div>\n\n\n\n<div class=\"wp-block-column is-layout-flow wp-block-column-is-layout-flow\">\n<p>Nous assurons des formations de qualit\u00e9 sur les th\u00e9matiques :<\/p>\n\n\n\n<div class=\"wp-block-group\"><div class=\"wp-block-group__inner-container is-layout-constrained wp-block-group-is-layout-constrained\">\n<p>\u2022La communication interpersonnelle<\/p>\n\n\n\n<p>\u2022Le leadership en entreprise&nbsp;<\/p>\n\n\n\n<p>\u2022L\u2019intelligence \u00e9motionnelle<\/p>\n\n\n\n<p>\u2022Gestion du stress<\/p>\n\n\n\n<p>\u2022Gestion du temps<\/p>\n\n\n\n<p><\/p>\n<\/div><\/div>\n<\/div>\n<\/div>\n\n\n\n<hr class=\"wp-block-separator has-alpha-channel-opacity is-style-default\"\/>\n\n\n\n<div class=\"wp-block-columns alignwide is-layout-flex wp-container-core-columns-is-layout-9d6595d7 wp-block-columns-is-layout-flex\">\n<div class=\"wp-block-column is-layout-flow wp-block-column-is-layout-flow\">\n<p class=\"has-text-align-center\"><strong>5 &#8211; Organisation des \u00e9v\u00e8nements professionnels<\/strong><\/p>\n\n\n\n<figure class=\"wp-block-gallery has-nested-images columns-default is-cropped wp-block-gallery-6 is-layout-flex wp-block-gallery-is-layout-flex\">\n<figure class=\"wp-block-image size-full is-style-default\"><img loading=\"lazy\" decoding=\"async\" width=\"275\" height=\"183\" data-id=\"131\" src=\"https:\/\/sixgland.com\/wp-content\/uploads\/2022\/11\/corporate-events-1.jpeg\" alt=\"\" class=\"wp-image-131\"\/><\/figure>\n<\/figure>\n<\/div>\n\n\n\n<div class=\"wp-block-column is-layout-flow wp-block-column-is-layout-flow\">\n<p>Un \u00e9v\u00e9nement corporate est une date incontournable pour l\u2019entreprise. Il permet de communiquer la vision de l\u2019entreprise et de ses objectif et de renforcer les liens en interne.<\/p>\n\n\n\n<p>Aussi, c\u2019est un moment tr\u00e8s favorable pour informer les clients et l\u2019environnement externe des r\u00e9alisations et de la vision long terme.<\/p>\n\n\n\n<p>L\u2019accent sera mis sur l\u2019image employeur pour attirer les meilleurs talents et de d\u00e9velopper le sentiment d\u2019appartenance pour\u00a0 les collaborateurs en interne.<\/p>\n<\/div>\n<\/div>\n\n\n\n<p><\/p>\n\n\n\n<p><\/p>\n","protected":false},"excerpt":{"rendered":"<p>1 &#8211; Accompagnement des transformations et management du changement Nous accompagnons les entreprises dans leur transformation quelle soit : \u2022Transformation digitale \u2022Transformation des process m\u00e9tier \u2022Transformation organisationnelle \u2022Transformation manag\u00e9riale&nbsp; \u2022Transformation culturelle 2 &#8211; Engagement des ressources humaines et d\u00e9veloppement des comp\u00e9tences Nous proposons \u00e0 nos clients : \u2022Prestation compl\u00e8te pour \u00e9valuer l\u2019engagement des collaborateurs via &hellip; <\/p>\n<p class=\"link-more\"><a href=\"https:\/\/sixgland.com\/index.php\/about\/\" class=\"more-link\">Lire la suite de<span class=\"screen-reader-text\">\u00ab\u00a0Nos services\u00a0\u00bb<\/span><\/a><\/p>\n","protected":false},"author":1,"featured_media":265,"parent":0,"menu_order":0,"comment_status":"closed","ping_status":"closed","template":"","meta":{"footnotes":""},"class_list":["post-69","page","type-page","status-publish","has-post-thumbnail","hentry"],"_links":{"self":[{"href":"https:\/\/sixgland.com\/index.php\/wp-json\/wp\/v2\/pages\/69","targetHints":{"allow":["GET"]}}],"collection":[{"href":"https:\/\/sixgland.com\/index.php\/wp-json\/wp\/v2\/pages"}],"about":[{"href":"https:\/\/sixgland.com\/index.php\/wp-json\/wp\/v2\/types\/page"}],"author":[{"embeddable":true,"href":"https:\/\/sixgland.com\/index.php\/wp-json\/wp\/v2\/users\/1"}],"replies":[{"embeddable":true,"href":"https:\/\/sixgland.com\/index.php\/wp-json\/wp\/v2\/comments?post=69"}],"version-history":[{"count":48,"href":"https:\/\/sixgland.com\/index.php\/wp-json\/wp\/v2\/pages\/69\/revisions"}],"predecessor-version":[{"id":283,"href":"https:\/\/sixgland.com\/index.php\/wp-json\/wp\/v2\/pages\/69\/revisions\/283"}],"wp:featuredmedia":[{"embeddable":true,"href":"https:\/\/sixgland.com\/index.php\/wp-json\/wp\/v2\/media\/265"}],"wp:attachment":[{"href":"https:\/\/sixgland.com\/index.php\/wp-json\/wp\/v2\/media?parent=69"}],"curies":[{"name":"wp","href":"https:\/\/api.w.org\/{rel}","templated":true}]}}