{"id":68,"date":"2022-11-13T11:12:44","date_gmt":"2022-11-13T10:12:44","guid":{"rendered":"http:\/\/rvpfqoj.cluster031.hosting.ovh.net\/?page_id=68"},"modified":"2022-11-20T21:04:19","modified_gmt":"2022-11-20T20:04:19","slug":"beaux-portfolios-pour-des-creatifs-exceptionnels","status":"publish","type":"page","link":"https:\/\/sixgland.com\/","title":{"rendered":"Qui somme nous ?"},"content":{"rendered":"\n<p class=\"has-text-align-center\">\u00ab\u00a0Six G Land\u00a0\u00bb est un cabinet de conseil, de formation et d&rsquo;accompagnement pour les entreprises qui se lancent, se transforment ou qui se d\u00e9veloppent dans l&rsquo;environnement socio-\u00e9conomique Alg\u00e9rien.<\/p>\n\n\n\n<p class=\"has-text-align-center\">Constitu\u00e9e d&rsquo;une \u00e9quipe de professionnels aguerris dans toute la chaine de valeur de l&rsquo;entreprise. \u00ab\u00a0Six G Land\u00a0\u00bb assure \u00e0 ses clients des r\u00e9sultats tangibles et un retour sur investissement sur ses ressources humaines signe de durabilit\u00e9.       <\/p>\n\n\n\n<p class=\"has-text-align-center\">&#8230;<\/p>\n\n\n\n<div class=\"wp-block-group alignfull has-background\" style=\"background-color:#e5e9ec\"><div class=\"wp-block-group__inner-container is-layout-flow wp-block-group-is-layout-flow\">\n<div class=\"wp-block-columns is-layout-flex wp-container-core-columns-is-layout-9d6595d7 wp-block-columns-is-layout-flex\">\n<div class=\"wp-block-column is-vertically-aligned-center is-layout-flow wp-block-column-is-layout-flow\">\n<blockquote class=\"wp-block-quote is-layout-flow wp-block-quote-is-layout-flow\">\n<p>Notre r\u00f4le est d&rsquo;accompagner les leaders et les nouveaux entrepreneurs dans le changement&#8230;<\/p>\n\n\n\n<p>Nous les aidons \u00e0 prendre de meilleures d\u00e9cisions organisationnelles et humaines, \u00e0 les transformer en action et \u00e0 obtenir les r\u00e9sultats durables qu&rsquo;ils attendent.<\/p>\n\n\n\n<p>Avec une \u00e9quipe de professionnels exp\u00e9riment\u00e9s, nous fournirons une assistance continue et des conseils personnalis\u00e9s \u00e0 nos clients et superviserons la mise en \u0153uvre des plans d&rsquo;action. <\/p>\n\n\n\n<p><strong>Les Ressources Humaine sont au c\u0153ur de notre m\u00e9tier au quotidien et d\u2019assurer leur engagement et leur d\u00e9veloppement est notre force<\/strong>.<\/p>\n<\/blockquote>\n\n\n\n<p><\/p>\n\n\n\n<p>Samir Gherbi<br>General Manager<\/p>\n\n\n\n<p><\/p>\n\n\n\n<p><\/p>\n\n\n\n<p><\/p>\n\n\n\n<p><\/p>\n<\/div>\n\n\n\n<div class=\"wp-block-column is-layout-flow wp-block-column-is-layout-flow\">\n<div style=\"height:48px\" aria-hidden=\"true\" class=\"wp-block-spacer\"><\/div>\n\n\n\n<figure class=\"wp-block-gallery has-nested-images columns-default is-cropped wp-block-gallery-1 is-layout-flex wp-block-gallery-is-layout-flex\">\n<figure class=\"wp-block-image size-full\"><img loading=\"lazy\" decoding=\"async\" width=\"2399\" height=\"2399\" data-id=\"240\" src=\"https:\/\/sixgland.com\/wp-content\/uploads\/2022\/11\/Photo-Samir-G-edited-3.jpg\" alt=\"\" class=\"wp-image-240\" srcset=\"https:\/\/sixgland.com\/wp-content\/uploads\/2022\/11\/Photo-Samir-G-edited-3.jpg 2399w, https:\/\/sixgland.com\/wp-content\/uploads\/2022\/11\/Photo-Samir-G-edited-3-300x300.jpg 300w, https:\/\/sixgland.com\/wp-content\/uploads\/2022\/11\/Photo-Samir-G-edited-3-1024x1024.jpg 1024w, https:\/\/sixgland.com\/wp-content\/uploads\/2022\/11\/Photo-Samir-G-edited-3-150x150.jpg 150w, https:\/\/sixgland.com\/wp-content\/uploads\/2022\/11\/Photo-Samir-G-edited-3-768x768.jpg 768w, https:\/\/sixgland.com\/wp-content\/uploads\/2022\/11\/Photo-Samir-G-edited-3-1536x1536.jpg 1536w, https:\/\/sixgland.com\/wp-content\/uploads\/2022\/11\/Photo-Samir-G-edited-3-2048x2048.jpg 2048w, https:\/\/sixgland.com\/wp-content\/uploads\/2022\/11\/Photo-Samir-G-edited-3-2000x2000.jpg 2000w\" sizes=\"auto, (max-width: 2399px) 100vw, 2399px\" \/><\/figure>\n<\/figure>\n<\/div>\n<\/div>\n<\/div><\/div>\n\n\n\n<h1 class=\"has-text-align-center wp-block-heading\"><strong>Nos Services<\/strong><\/h1>\n\n\n\n<div class=\"wp-block-cover is-light\"><span aria-hidden=\"true\" class=\"wp-block-cover__background has-background-dim-0 has-background-dim\"><\/span><img loading=\"lazy\" decoding=\"async\" width=\"1421\" height=\"1108\" class=\"wp-block-cover__image-background wp-image-198\" alt=\"\" src=\"https:\/\/sixgland.com\/wp-content\/uploads\/2022\/11\/Grayscale-Transparent.png\" data-object-fit=\"cover\" srcset=\"https:\/\/sixgland.com\/wp-content\/uploads\/2022\/11\/Grayscale-Transparent.png 1421w, https:\/\/sixgland.com\/wp-content\/uploads\/2022\/11\/Grayscale-Transparent-300x234.png 300w, https:\/\/sixgland.com\/wp-content\/uploads\/2022\/11\/Grayscale-Transparent-1024x798.png 1024w, https:\/\/sixgland.com\/wp-content\/uploads\/2022\/11\/Grayscale-Transparent-768x599.png 768w\" sizes=\"auto, (max-width: 1421px) 100vw, 1421px\" \/><div class=\"wp-block-cover__inner-container is-layout-flow wp-block-cover-is-layout-flow\">\n<p>Nous assurons \u00e0 nos clients :<\/p>\n\n\n\n<ul class=\"wp-block-list\">\n<li>Accompagnement des transformations et management du changement<\/li>\n<\/ul>\n\n\n\n<ul class=\"wp-block-list\">\n<li>Engagement des ressources humaines et d\u00e9veloppement des comp\u00e9tences<\/li>\n<\/ul>\n\n\n\n<ul class=\"wp-block-list\">\n<li>Formations en soft-skills et Coaching<\/li>\n<\/ul>\n\n\n\n<ul class=\"wp-block-list\">\n<li>Gamification &amp; Game-based learning<\/li>\n<\/ul>\n\n\n\n<ul class=\"wp-block-list\">\n<li>Organisation des \u00e9v\u00e8nements professionnels<\/li>\n<\/ul>\n<\/div><\/div>\n\n\n\n<div class=\"wp-block-buttons is-content-justification-center is-layout-flex wp-container-core-buttons-is-layout-16018d1d wp-block-buttons-is-layout-flex\">\n<div class=\"wp-block-button\"><a class=\"wp-block-button__link wp-element-button\" href=\"https:\/\/sixgland.com\/index.php\/about\/\">Nos SERVICES<\/a><\/div>\n<\/div>\n\n\n\n<p>.<\/p>\n\n\n\n<hr class=\"wp-block-separator has-alpha-channel-opacity is-style-wide\"\/>\n\n\n\n<h1 class=\"has-text-align-center wp-block-heading\"><strong>Nos r\u00e9f\u00e9rences<\/strong><\/h1>\n\n\n\n<figure class=\"wp-block-gallery has-nested-images columns-default is-cropped wp-block-gallery-2 is-layout-flex wp-block-gallery-is-layout-flex\">\n<figure class=\"wp-block-image size-full is-style-default\"><img loading=\"lazy\" decoding=\"async\" width=\"998\" height=\"150\" data-id=\"271\" src=\"https:\/\/sixgland.com\/wp-content\/uploads\/2022\/11\/logos-3-1.jpg\" alt=\"\" class=\"wp-image-271\" srcset=\"https:\/\/sixgland.com\/wp-content\/uploads\/2022\/11\/logos-3-1.jpg 998w, https:\/\/sixgland.com\/wp-content\/uploads\/2022\/11\/logos-3-1-300x45.jpg 300w, https:\/\/sixgland.com\/wp-content\/uploads\/2022\/11\/logos-3-1-768x115.jpg 768w\" sizes=\"auto, (max-width: 998px) 100vw, 998px\" \/><\/figure>\n<\/figure>\n\n\n\n<div class=\"wp-block-cover alignfull is-light has-parallax is-position-center-center\" style=\"min-height:375px;aspect-ratio:unset;\"><span aria-hidden=\"true\" class=\"wp-block-cover__background has-black-background-color has-background-dim-40 has-background-dim\"><\/span><div role=\"img\" class=\"wp-block-cover__image-background wp-image-177 has-parallax\" style=\"background-position:50% 50%;background-image:url(https:\/\/sixgland.com\/wp-content\/uploads\/2022\/11\/BBA-2-scaled.jpg)\"><\/div><div class=\"wp-block-cover__inner-container is-layout-flow wp-block-cover-is-layout-flow\">\n<p class=\"has-text-align-center has-text-color has-huge-font-size\" style=\"color:#fffffa;line-height:1.1\">Un accompagnement permanent de nos clients pour une relation durable<\/p>\n<\/div><\/div>\n","protected":false},"excerpt":{"rendered":"<p>\u00ab\u00a0Six G Land\u00a0\u00bb est un cabinet de conseil, de formation et d&rsquo;accompagnement pour les entreprises qui se lancent, se transforment ou qui se d\u00e9veloppent dans l&rsquo;environnement socio-\u00e9conomique Alg\u00e9rien. Constitu\u00e9e d&rsquo;une \u00e9quipe de professionnels aguerris dans toute la chaine de valeur de l&rsquo;entreprise. \u00ab\u00a0Six G Land\u00a0\u00bb assure \u00e0 ses clients des r\u00e9sultats tangibles et un retour &hellip; <\/p>\n<p class=\"link-more\"><a href=\"https:\/\/sixgland.com\/\" class=\"more-link\">Lire la suite de<span class=\"screen-reader-text\">\u00ab\u00a0Qui somme nous ?\u00a0\u00bb<\/span><\/a><\/p>\n","protected":false},"author":1,"featured_media":114,"parent":0,"menu_order":0,"comment_status":"closed","ping_status":"closed","template":"","meta":{"footnotes":""},"class_list":["post-68","page","type-page","status-publish","has-post-thumbnail","hentry"],"_links":{"self":[{"href":"https:\/\/sixgland.com\/index.php\/wp-json\/wp\/v2\/pages\/68","targetHints":{"allow":["GET"]}}],"collection":[{"href":"https:\/\/sixgland.com\/index.php\/wp-json\/wp\/v2\/pages"}],"about":[{"href":"https:\/\/sixgland.com\/index.php\/wp-json\/wp\/v2\/types\/page"}],"author":[{"embeddable":true,"href":"https:\/\/sixgland.com\/index.php\/wp-json\/wp\/v2\/users\/1"}],"replies":[{"embeddable":true,"href":"https:\/\/sixgland.com\/index.php\/wp-json\/wp\/v2\/comments?post=68"}],"version-history":[{"count":53,"href":"https:\/\/sixgland.com\/index.php\/wp-json\/wp\/v2\/pages\/68\/revisions"}],"predecessor-version":[{"id":276,"href":"https:\/\/sixgland.com\/index.php\/wp-json\/wp\/v2\/pages\/68\/revisions\/276"}],"wp:featuredmedia":[{"embeddable":true,"href":"https:\/\/sixgland.com\/index.php\/wp-json\/wp\/v2\/media\/114"}],"wp:attachment":[{"href":"https:\/\/sixgland.com\/index.php\/wp-json\/wp\/v2\/media?parent=68"}],"curies":[{"name":"wp","href":"https:\/\/api.w.org\/{rel}","templated":true}]}}